{"id":8397,"date":"2023-08-10T08:35:49","date_gmt":"2023-08-10T08:35:49","guid":{"rendered":"https:\/\/sec3zero.com\/?page_id=8397"},"modified":"2023-08-10T08:42:41","modified_gmt":"2023-08-10T08:42:41","slug":"regulamin","status":"publish","type":"page","link":"https:\/\/sec3zero.com\/index.php\/regulamin\/","title":{"rendered":"Regulamin"},"content":{"rendered":"\t\t<div data-elementor-type=\"wp-page\" data-elementor-id=\"8397\" class=\"elementor elementor-8397\">\n\t\t\t\t\t\t\t\t\t<section class=\"elementor-section elementor-top-section elementor-element elementor-element-344ce4ae elementor-section-boxed elementor-section-height-default elementor-section-height-default\" data-id=\"344ce4ae\" data-element_type=\"section\">\n\t\t\t\t\t\t<div class=\"elementor-container elementor-column-gap-default\">\n\t\t\t\t\t<div class=\"elementor-column elementor-col-100 elementor-top-column elementor-element elementor-element-6d3aba3f\" data-id=\"6d3aba3f\" data-element_type=\"column\">\n\t\t\t<div class=\"elementor-widget-wrap elementor-element-populated\">\n\t\t\t\t\t\t\t\t<div class=\"elementor-element elementor-element-2bebd364 elementor-widget elementor-widget-text-editor\" data-id=\"2bebd364\" data-element_type=\"widget\" data-widget_type=\"text-editor.default\">\n\t\t\t\t<div class=\"elementor-widget-container\">\n\t\t\t<style>\/*! elementor - v3.15.0 - 02-08-2023 *\/\n.elementor-widget-text-editor.elementor-drop-cap-view-stacked .elementor-drop-cap{background-color:#69727d;color:#fff}.elementor-widget-text-editor.elementor-drop-cap-view-framed .elementor-drop-cap{color:#69727d;border:3px solid;background-color:transparent}.elementor-widget-text-editor:not(.elementor-drop-cap-view-default) .elementor-drop-cap{margin-top:8px}.elementor-widget-text-editor:not(.elementor-drop-cap-view-default) .elementor-drop-cap-letter{width:1em;height:1em}.elementor-widget-text-editor .elementor-drop-cap{float:left;text-align:center;line-height:1;font-size:50px}.elementor-widget-text-editor .elementor-drop-cap-letter{display:inline-block}<\/style>\t\t\t\t<p><!-- wp:paragraph --><\/p>\n<h2 style=\"font-family: poppins;\"><strong>Regulamin <\/strong><\/h2>\n<p>&nbsp;<\/p>\n<ol>\n<li>\n<p><strong>Warunki<\/strong> Korzystaj\u0105c z tej Szko\u0142y, zgadzasz si\u0119 na przestrzeganie niniejszego Regulaminu Korzystania, wszystkich obowi\u0105zuj\u0105cych praw i przepis\u00f3w oraz akceptujesz odpowiedzialno\u015b\u0107 za przestrzeganie wszelkich miejscowych przepis\u00f3w prawnych. Je\u017celi nie zgadzasz si\u0119 z jakimkolwiek z tych warunk\u00f3w, korzystanie z tej strony jest Ci zabronione. Materia\u0142y zawarte w tej Szkole s\u0105 chronione odpowiednimi prawami autorskimi i prawem znak\u00f3w towarowych.<\/p>\n<\/li>\n<li>\n<p><strong>Licencja U\u017cytkowania<\/strong> Zezwala si\u0119 na tymczasowe pobranie jednej kopii materia\u0142\u00f3w dost\u0119pnych do pobrania ze strony internetowej Szko\u0142y wy\u0142\u0105cznie do osobistego, niekomercyjnego, przej\u015bciowego ogl\u0105dania. Jest to przyznanie licencji, a nie przeniesienie tytu\u0142u w\u0142asno\u015bci, a w ramach tej licencji nie mo\u017cesz: modyfikowa\u0107 ani kopiowa\u0107 materia\u0142\u00f3w; u\u017cywa\u0107 materia\u0142\u00f3w w celach komercyjnych lub jakiejkolwiek prezentacji publicznej (komercyjnej lub niekomercyjnej); pr\u00f3bowa\u0107 dekompilowa\u0107 lub in\u017cynierii wstecznej jakiegokolwiek oprogramowania znajduj\u0105cego si\u0119 na stronie internetowej Szko\u0142y; usuwa\u0107 \u017cadnych praw autorskich lub innych adnotacji w\u0142asno\u015bci z materia\u0142\u00f3w; ani przenosi\u0107 materia\u0142\u00f3w do innej osoby lub &#8222;odbija\u0107&#8221; materia\u0142y na jakimkolwiek innym serwerze. Ta licencja zostanie automatycznie anulowana, je\u015bli naruszysz kt\u00f3rykolwiek z tych ogranicze\u0144, i mo\u017ce zosta\u0107 w ka\u017cdym czasie anulowana przez Firm\u0119. Po zako\u0144czeniu ogl\u0105dania tych materia\u0142\u00f3w lub po zako\u0144czeniu tej licencji musisz zniszczy\u0107 wszelkie pobrane materia\u0142y b\u0119d\u0105ce w Twoim posiadaniu, niezale\u017cnie od tego, czy s\u0105 w formacie elektronicznym czy drukowanym.<\/p>\n<\/li>\n<li>\n<p><strong>Zrzeczenie si\u0119 odpowiedzialno\u015bci<\/strong> Materia\u0142y na stronie internetowej Szko\u0142y s\u0105 dostarczane &#8222;w stanie, w jakim si\u0119 znajduj\u0105&#8221;. Szko\u0142a nie udziela \u017cadnych gwarancji, wyra\u017conych ani domniemanych, i niniejszym odrzuca i zaprzecza wszelkim innym gwarancjom, w tym bez ograniczenia, domniemanym gwarancjom lub warunkom przydatno\u015bci handlowej, przydatno\u015bci do okre\u015blonego celu lub nie naruszania w\u0142asno\u015bci intelektualnej lub innego naruszenia praw. Ponadto, Szko\u0142a nie udziela \u017cadnych deklaracji ani gwarancji dotycz\u0105cych dok\u0142adno\u015bci, prawdopodobnych wynik\u00f3w lub niezawodno\u015bci korzystania z materia\u0142\u00f3w na jej stronie internetowej lub w inny spos\u00f3b odnosz\u0105cych si\u0119 do takich materia\u0142\u00f3w lub do jakichkolwiek stron zwi\u0105zanych z t\u0105 stron\u0105.<\/p>\n<\/li>\n<li>\n<p><strong>Ograniczenia<\/strong> W \u017cadnym wypadku Szko\u0142a nie b\u0119dzie odpowiedzialna za jakiekolwiek szkody (w tym bez ograniczenia, szkody z tytu\u0142u utraty danych lub zysk\u00f3w, lub z powodu przerwania dzia\u0142alno\u015bci gospodarczej) wynikaj\u0105ce z korzystania lub niemo\u017cno\u015bci korzystania z materia\u0142\u00f3w na stronie internetowej Szko\u0142y, nawet je\u015bli Szko\u0142a lub upowa\u017cniony przedstawiciel Szko\u0142y zostali powiadomieni ustnie lub na pi\u015bmie o mo\u017cliwo\u015bci wyst\u0105pienia takich szk\u00f3d. Poniewa\u017c niekt\u00f3re jurysdykcje nie dopuszczaj\u0105 ogranicze\u0144 w odniesieniu do domniemanych gwarancji lub ogranicze\u0144 odpowiedzialno\u015bci za szkody przypadkowe lub wt\u00f3rne, te ograniczenia mog\u0105 nie mie\u0107 zastosowania w Twoim przypadku.<\/p>\n<\/li>\n<li>\n<p><strong>Poprawki i b\u0142\u0119dy<\/strong> Materia\u0142y pojawiaj\u0105ce si\u0119 na stronie internetowej Szko\u0142y mog\u0105 zawiera\u0107 b\u0142\u0119dy techniczne, typograficzne lub fotograficzne. Szko\u0142a nie gwarantuje, \u017ce jakiekolwiek materia\u0142y na jej stronie internetowej s\u0105 dok\u0142adne, kompletne lub aktualne. Szko\u0142a mo\u017ce w ka\u017cdej chwili wprowadzi\u0107 zmiany do materia\u0142\u00f3w na jej stronie internetowej bez uprzedzenia. Szko\u0142a jednak nie zobowi\u0105zuje si\u0119 do aktualizowania materia\u0142\u00f3w.<\/p>\n<\/li>\n<li>\n<p><strong>Linki<\/strong> Szko\u0142a nie recenzowa\u0142a wszystkich stron powi\u0105zanych ze swoj\u0105 stron\u0105 internetow\u0105 i nie jest odpowiedzialna za tre\u015b\u0107 jakiejkolwiek takiej powi\u0105zanej strony. W\u0142\u0105czenie jakiegokolwiek linku nie oznacza poparcia przez Szko\u0142\u0119 tej strony. Korzystanie z takiej powi\u0105zanej strony odbywa si\u0119 na w\u0142asne ryzyko u\u017cytkownika.<\/p>\n<\/li>\n<li>\n<p><strong>Modyfikacje Regulaminu Korzystania<\/strong> Szko\u0142a mo\u017ce w ka\u017cdej chwili zmieni\u0107 ten Regulamin Korzystania ze swojej strony internetowej bez uprzedzenia. Korzystaj\u0105c z tej strony, zgadzasz si\u0119 na przestrzeganie w\u00f3wczas obowi\u0105zuj\u0105cej wersji tych Warunk\u00f3w U\u017cytkowania.<\/p>\n<\/li>\n<li>\n<p><strong>Prawo obowi\u0105zuj\u0105ce<\/strong> Wszelkie roszczenia dotycz\u0105ce strony internetowej Szko\u0142y b\u0119d\u0105 regulowane przez prawo jurysdykcji w\u0142a\u015bciciela Szko\u0142y, bez uwzgl\u0119dnienia jego postanowie\u0144 dotycz\u0105cych kolizji praw.<\/p>\n<\/li>\n<\/ol>\n<p><!-- \/wp:list-item --><\/p>\n<p><!-- \/wp:list --><\/p>\t\t\t\t\t\t<\/div>\n\t\t\t\t<\/div>\n\t\t\t\t\t<\/div>\n\t\t<\/div>\n\t\t\t\t\t\t\t<\/div>\n\t\t<\/section>\n\t\t\t\t\t\t\t<\/div>\n\t\t","protected":false},"excerpt":{"rendered":"<p>Regulamin &nbsp; Warunki Korzystaj\u0105c z tej Szko\u0142y, zgadzasz si\u0119 na przestrzeganie niniejszego Regulaminu Korzystania, wszystkich obowi\u0105zuj\u0105cych praw i przepis\u00f3w oraz<\/p>\n","protected":false},"author":1,"featured_media":0,"parent":0,"menu_order":0,"comment_status":"closed","ping_status":"closed","template":"","meta":{"_themeisle_gutenberg_block_has_review":false,"_tutorstarter_page_metadata":[],"footnotes":""},"class_list":["post-8397","page","type-page","status-publish","hentry"],"rttpg_featured_image_url":null,"rttpg_author":{"display_name":"admin","author_link":"https:\/\/sec3zero.com\/index.php\/author\/admin\/"},"rttpg_comment":0,"rttpg_category":null,"rttpg_excerpt":"Regulamin &nbsp; Warunki Korzystaj\u0105c z tej Szko\u0142y, zgadzasz si\u0119 na przestrzeganie niniejszego Regulaminu Korzystania, wszystkich obowi\u0105zuj\u0105cych praw i przepis\u00f3w oraz","_links":{"self":[{"href":"https:\/\/sec3zero.com\/index.php\/wp-json\/wp\/v2\/pages\/8397","targetHints":{"allow":["GET"]}}],"collection":[{"href":"https:\/\/sec3zero.com\/index.php\/wp-json\/wp\/v2\/pages"}],"about":[{"href":"https:\/\/sec3zero.com\/index.php\/wp-json\/wp\/v2\/types\/page"}],"author":[{"embeddable":true,"href":"https:\/\/sec3zero.com\/index.php\/wp-json\/wp\/v2\/users\/1"}],"replies":[{"embeddable":true,"href":"https:\/\/sec3zero.com\/index.php\/wp-json\/wp\/v2\/comments?post=8397"}],"version-history":[{"count":16,"href":"https:\/\/sec3zero.com\/index.php\/wp-json\/wp\/v2\/pages\/8397\/revisions"}],"predecessor-version":[{"id":8415,"href":"https:\/\/sec3zero.com\/index.php\/wp-json\/wp\/v2\/pages\/8397\/revisions\/8415"}],"wp:attachment":[{"href":"https:\/\/sec3zero.com\/index.php\/wp-json\/wp\/v2\/media?parent=8397"}],"curies":[{"name":"wp","href":"https:\/\/api.w.org\/{rel}","templated":true}]}}