{"id":8418,"date":"2023-08-10T08:56:37","date_gmt":"2023-08-10T08:56:37","guid":{"rendered":"https:\/\/sec3zero.com\/?page_id=8418"},"modified":"2023-08-10T08:57:24","modified_gmt":"2023-08-10T08:57:24","slug":"polityka-prywatnosci","status":"publish","type":"page","link":"https:\/\/sec3zero.com\/index.php\/polityka-prywatnosci\/","title":{"rendered":"Polityka Prywatno\u015bci"},"content":{"rendered":"\t\t<div data-elementor-type=\"wp-page\" data-elementor-id=\"8418\" class=\"elementor elementor-8418\">\n\t\t\t\t\t\t\t\t\t<section class=\"elementor-section elementor-top-section elementor-element elementor-element-5fb8a48f elementor-section-boxed elementor-section-height-default elementor-section-height-default\" data-id=\"5fb8a48f\" data-element_type=\"section\">\n\t\t\t\t\t\t<div class=\"elementor-container elementor-column-gap-default\">\n\t\t\t\t\t<div class=\"elementor-column elementor-col-100 elementor-top-column elementor-element elementor-element-265266b6\" data-id=\"265266b6\" data-element_type=\"column\">\n\t\t\t<div class=\"elementor-widget-wrap elementor-element-populated\">\n\t\t\t\t\t\t\t\t<div class=\"elementor-element elementor-element-44c9203f elementor-widget elementor-widget-text-editor\" data-id=\"44c9203f\" data-element_type=\"widget\" data-widget_type=\"text-editor.default\">\n\t\t\t\t<div class=\"elementor-widget-container\">\n\t\t\t<style>\/*! elementor - v3.15.0 - 02-08-2023 *\/\n.elementor-widget-text-editor.elementor-drop-cap-view-stacked .elementor-drop-cap{background-color:#69727d;color:#fff}.elementor-widget-text-editor.elementor-drop-cap-view-framed .elementor-drop-cap{color:#69727d;border:3px solid;background-color:transparent}.elementor-widget-text-editor:not(.elementor-drop-cap-view-default) .elementor-drop-cap{margin-top:8px}.elementor-widget-text-editor:not(.elementor-drop-cap-view-default) .elementor-drop-cap-letter{width:1em;height:1em}.elementor-widget-text-editor .elementor-drop-cap{float:left;text-align:center;line-height:1;font-size:50px}.elementor-widget-text-editor .elementor-drop-cap-letter{display:inline-block}<\/style>\t\t\t\t<!-- wp:paragraph -->\n<h2><strong>Polityka Prywatno\u015bci<\/strong><\/h2>\n<!-- \/wp:paragraph --><!-- wp:paragraph -->\n<p>Niniejsza Polityka Prywatno\u015bci okre\u015bla spos\u00f3b, w jaki Szko\u0142a zbiera, wykorzystuje, utrzymuje i ujawnia informacje zebrane od u\u017cytkownik\u00f3w (ka\u017cdego z nich mo\u017cna nazwa\u0107 &#8222;Studentem&#8221;) Szko\u0142y. Ta Polityka Prywatno\u015bci ma zastosowanie do Szko\u0142y i wszystkich kurs\u00f3w oferowanych przez Szko\u0142\u0119.<\/p>\n<!-- \/wp:paragraph --><!-- wp:paragraph -->\n<p><strong>Informacje identyfikuj\u0105ce osobi\u015bcie<\/strong><\/p>\n<!-- \/wp:paragraph --><!-- wp:paragraph -->\n<p>Mo\u017cemy zbiera\u0107 informacje identyfikuj\u0105ce osobi\u015bcie od Student\u00f3w na r\u00f3\u017cne sposoby, mi\u0119dzy innymi, ale nie wy\u0142\u0105cznie, gdy Studenci zapisuj\u0105 si\u0119 do Szko\u0142y lub kursu w Szkole, subskrybuj\u0105 biuletyn i w zwi\u0105zku z innymi dzia\u0142aniami, us\u0142ugami, funkcjami lub zasobami, kt\u00f3re udost\u0119pniamy w naszej Szkole. Studenci mog\u0105 odwiedza\u0107 Szko\u0142\u0119 anonimowo. B\u0119dziemy zbiera\u0107 informacje identyfikuj\u0105ce osobi\u015bcie od Student\u00f3w tylko wtedy, gdy dobrowolnie nam je przekazuj\u0105. Studenci mog\u0105 odm\u00f3wi\u0107 dostarczenia informacji identyfikuj\u0105cych osobi\u015bcie, ale mo\u017ce to uniemo\u017cliwi\u0107 im uczestniczenie w niekt\u00f3rych dzia\u0142aniach zwi\u0105zanych ze Szko\u0142\u0105.<\/p>\n<!-- \/wp:paragraph --><!-- wp:paragraph -->\n<p><strong>Jak wykorzystujemy zebrane informacje<\/strong><\/p>\n<!-- \/wp:paragraph --><!-- wp:paragraph -->\n<p>Szko\u0142a mo\u017ce zbiera\u0107 i wykorzystywa\u0107 informacje identyfikuj\u0105ce osobi\u015bcie Student\u00f3w w nast\u0119puj\u0105cych celach:<\/p>\n<!-- \/wp:paragraph --><!-- wp:list -->\n<ul><!-- wp:list-item -->\n<li><strong>W celu poprawy obs\u0142ugi klienta<\/strong> Informacje, kt\u00f3re dostarczasz, pomagaj\u0105 nam bardziej efektywnie reagowa\u0107 na Twoje \u017c\u0105dania dotycz\u0105ce obs\u0142ugi klienta i potrzeby wsparcia.<\/li>\n<!-- \/wp:list-item --><!-- wp:list-item -->\n<li><strong>W celu spersonalizowania do\u015bwiadcze\u0144 u\u017cytkownik\u00f3w<\/strong> Mo\u017cemy wykorzysta\u0107 informacje zbiorczo, aby zrozumie\u0107, jak nasi Studenci jako grupa korzystaj\u0105 z us\u0142ug i zasob\u00f3w dostarczanych w naszej Szkole.<\/li>\n<!-- \/wp:list-item --><!-- wp:list-item -->\n<li><strong>W celu wysy\u0142ania okresowych wiadomo\u015bci e-mail<\/strong> Mo\u017cemy wykorzystywa\u0107 adresy e-mail Student\u00f3w do wysy\u0142ania informacji i aktualizacji dotycz\u0105cych ich zam\u00f3wienia. Adresy e-mail Student\u00f3w mog\u0105 by\u0107 r\u00f3wnie\u017c wykorzystywane do odpowiedzi na zapytania, pytania lub inne pro\u015bby Student\u00f3w.<\/li>\n<!-- \/wp:list-item --><\/ul>\n<!-- \/wp:list --><!-- wp:paragraph -->\n<p><strong>Udost\u0119pnianie Twoich danych osobowych<\/strong><\/p>\n<!-- \/wp:paragraph --><!-- wp:paragraph -->\n<p>Nie sprzedajemy, nie handlujemy ani nie wynajmujemy informacji identyfikuj\u0105cych osobi\u015bcie Student\u00f3w innym.<\/p>\n<!-- \/wp:paragraph --><!-- wp:paragraph -->\n<p><strong>Strony stron trzecich<\/strong><\/p>\n<!-- \/wp:paragraph --><!-- wp:paragraph -->\n<p>Studenci mog\u0105 znale\u017a\u0107 reklamy lub inne tre\u015bci w naszej Szkole, kt\u00f3re odnosz\u0105 si\u0119 do stron internetowych i us\u0142ug naszych partner\u00f3w, dostawc\u00f3w, reklamodawc\u00f3w, sponsor\u00f3w, licencjodawc\u00f3w i innych stron trzecich. Nie kontrolujemy tre\u015bci ani link\u00f3w, kt\u00f3re pojawiaj\u0105 si\u0119 na tych stronach internetowych, i nie jeste\u015bmy odpowiedzialni za praktyki stosowane przez strony internetowe powi\u0105zane z nasz\u0105 Szko\u0142\u0105 lub z naszej Szko\u0142y. Ponadto te strony internetowe lub us\u0142ugi, w tym ich tre\u015b\u0107 i linki, mog\u0105 si\u0119 nieustannie zmienia\u0107. Te strony internetowe i us\u0142ugi mog\u0105 mie\u0107 w\u0142asne polityki prywatno\u015bci i zasady obs\u0142ugi klienta. Przegl\u0105danie i interakcja na dowolnej innej stronie internetowej, w tym na stronach internetowych, kt\u00f3re maj\u0105 link do naszego Studenta, podlega w\u0142asnym warunkom i zasadom tej strony.<\/p>\n<!-- \/wp:paragraph --><!-- wp:paragraph -->\n<p><strong>Zmiany w tej Polityce Prywatno\u015bci<\/strong><\/p>\n<!-- \/wp:paragraph --><!-- wp:paragraph -->\n<p>Szko\u0142a ma prawo zaktualizowa\u0107 t\u0119 Polityk\u0119 Prywatno\u015bci w dowolnym czasie. Zach\u0119camy Student\u00f3w do cz\u0119stego sprawdzania tej strony pod k\u0105tem ewentualnych zmian. Akceptuj\u0105c, przyjmujesz na siebie odpowiedzialno\u015b\u0107 za okresowe przegl\u0105danie tej Polityki Prywatno\u015bci i zapoznanie si\u0119 z modyfikacjami.<\/p>\n<!-- \/wp:paragraph --><!-- wp:paragraph -->\n<p><strong>Twoja akceptacja tych warunk\u00f3w<\/strong><\/p>\n<!-- \/wp:paragraph --><!-- wp:paragraph -->\n<p>Zapisuj\u0105c si\u0119 do Szko\u0142y, wyra\u017casz zgod\u0119 na t\u0119 Polityk\u0119 Prywatno\u015bci. Je\u015bli nie zgadzasz si\u0119 na t\u0119 Polityk\u0119 Prywatno\u015bci, prosimy nie zapisywa\u0107 si\u0119 do Szko\u0142y. Kontynuuj\u0105c zapisywanie si\u0119 do Szko\u0142y po opublikowaniu zmian w tej Polityce Prywatno\u015bci, uznaje si\u0119 to za Twoj\u0105 akceptacj\u0119 tych zmian.<\/p>\n<!-- \/wp:paragraph -->\t\t\t\t\t\t<\/div>\n\t\t\t\t<\/div>\n\t\t\t\t\t<\/div>\n\t\t<\/div>\n\t\t\t\t\t\t\t<\/div>\n\t\t<\/section>\n\t\t\t\t\t\t\t<\/div>\n\t\t","protected":false},"excerpt":{"rendered":"<p>Polityka Prywatno\u015bci Niniejsza Polityka Prywatno\u015bci okre\u015bla spos\u00f3b, w jaki Szko\u0142a zbiera, wykorzystuje, utrzymuje i ujawnia informacje zebrane od u\u017cytkownik\u00f3w (ka\u017cdego<\/p>\n","protected":false},"author":1,"featured_media":0,"parent":0,"menu_order":0,"comment_status":"closed","ping_status":"closed","template":"","meta":{"_themeisle_gutenberg_block_has_review":false,"_tutorstarter_page_metadata":[],"footnotes":""},"class_list":["post-8418","page","type-page","status-publish","hentry"],"rttpg_featured_image_url":null,"rttpg_author":{"display_name":"admin","author_link":"https:\/\/sec3zero.com\/index.php\/author\/admin\/"},"rttpg_comment":0,"rttpg_category":null,"rttpg_excerpt":"Polityka Prywatno\u015bci Niniejsza Polityka Prywatno\u015bci okre\u015bla spos\u00f3b, w jaki Szko\u0142a zbiera, wykorzystuje, utrzymuje i ujawnia informacje zebrane od u\u017cytkownik\u00f3w (ka\u017cdego","_links":{"self":[{"href":"https:\/\/sec3zero.com\/index.php\/wp-json\/wp\/v2\/pages\/8418","targetHints":{"allow":["GET"]}}],"collection":[{"href":"https:\/\/sec3zero.com\/index.php\/wp-json\/wp\/v2\/pages"}],"about":[{"href":"https:\/\/sec3zero.com\/index.php\/wp-json\/wp\/v2\/types\/page"}],"author":[{"embeddable":true,"href":"https:\/\/sec3zero.com\/index.php\/wp-json\/wp\/v2\/users\/1"}],"replies":[{"embeddable":true,"href":"https:\/\/sec3zero.com\/index.php\/wp-json\/wp\/v2\/comments?post=8418"}],"version-history":[{"count":4,"href":"https:\/\/sec3zero.com\/index.php\/wp-json\/wp\/v2\/pages\/8418\/revisions"}],"predecessor-version":[{"id":8423,"href":"https:\/\/sec3zero.com\/index.php\/wp-json\/wp\/v2\/pages\/8418\/revisions\/8423"}],"wp:attachment":[{"href":"https:\/\/sec3zero.com\/index.php\/wp-json\/wp\/v2\/media?parent=8418"}],"curies":[{"name":"wp","href":"https:\/\/api.w.org\/{rel}","templated":true}]}}